{"id":14,"date":"2019-03-05T22:36:36","date_gmt":"2019-03-05T22:36:36","guid":{"rendered":"https:\/\/keikodevaux.com\/?page_id=14"},"modified":"2024-05-17T18:23:30","modified_gmt":"2024-05-17T23:23:30","slug":"about","status":"publish","type":"page","link":"https:\/\/keikodevaux.com\/fr\/about\/","title":{"rendered":"Bio"},"content":{"rendered":"<div data-elementor-type=\"wp-post\" data-elementor-id=\"14\" class=\"elementor elementor-14\">\n\t\t\t\t\t\t<section class=\"elementor-section elementor-top-section elementor-element elementor-element-49696d06 elementor-section-boxed elementor-section-height-default elementor-section-height-default\" data-id=\"49696d06\" data-element_type=\"section\" data-e-type=\"section\">\n\t\t\t\t\t\t<div class=\"elementor-container elementor-column-gap-default\">\n\t\t\t\t\t<div class=\"elementor-column elementor-col-100 elementor-top-column elementor-element elementor-element-39836e2a\" data-id=\"39836e2a\" data-element_type=\"column\" data-e-type=\"column\">\n\t\t\t<div class=\"elementor-widget-wrap elementor-element-populated\">\n\t\t\t\t\t\t<section class=\"elementor-section elementor-inner-section elementor-element elementor-element-31c11fe elementor-section-boxed elementor-section-height-default elementor-section-height-default\" data-id=\"31c11fe\" data-element_type=\"section\" data-e-type=\"section\">\n\t\t\t\t\t\t<div class=\"elementor-container elementor-column-gap-default\">\n\t\t\t\t\t<div class=\"elementor-column elementor-col-50 elementor-inner-column elementor-element elementor-element-7c86879\" data-id=\"7c86879\" data-element_type=\"column\" data-e-type=\"column\">\n\t\t\t<div class=\"elementor-widget-wrap elementor-element-populated\">\n\t\t\t\t\t\t<div class=\"elementor-element elementor-element-6d551be3 elementor-widget elementor-widget-text-editor\" data-id=\"6d551be3\" data-element_type=\"widget\" data-e-type=\"widget\" data-widget_type=\"text-editor.default\">\n\t\t\t\t<div class=\"elementor-widget-container\">\n\t\t\t\t\t\t\t\t\t<p><\/p>\n<p><span style=\"font-size: 13.399999618530273px; letter-spacing: 0.3px;\">Keiko Devaux (1982) est compositeure de musique contemporaine bas\u00e9e \u00e0 Montr\u00e9al.<\/span><\/p>\n<p><span style=\"font-size: 13.399999618530273px; letter-spacing: 0.3px;\">Sa d\u00e9marche embrasse un amour pour les sons et m\u00e9thodologies \u00e9lectroacoustiques, manipulant et d\u00e9formant des sons acoustiques \u00e0 l\u2019aide d\u2019outils num\u00e9riques. Elle rend ensuite ces transformations sous forme de transcriptions \u00e9crites, les traduisant \u00e0 nouveau dans le domaine acoustique. Elle s\u2019int\u00e9resse \u00e0 l'exp\u00e9rience \u00e9motionnelle et affective, aux ph\u00e9nom\u00e8nes auto-organisationnels dans la nature et chez les \u00eatres vivants, ainsi qu\u2019\u00e0 l\u2019estompage des fronti\u00e8res entre genres musicaux. Elle superpose et agence des \u00e9l\u00e9ments m\u00e9lodiques ou harmoniques distill\u00e9s de sources sonores tr\u00e8s contrast\u00e9es. La distorsion des attributs temporels, fr\u00e9quentiels et timbraux permet de fusionner le langage tonal traditionnel et des gestes bruitistes d\u2019inspiration plus \u00e9lectroacoustique.<\/span><\/p>\n<p><span style=\"font-family: Assistant; font-size: 13.399999618530273px; font-style: normal; font-variant-caps: normal; letter-spacing: 0.3px;\">Ses \u0153uvres ont \u00e9t\u00e9 interpr\u00e9t\u00e9es au Canada, en France, en Italie, en Allemagne, en Belgique, aux \u00c9tats-Unis et en Isra\u00ebl par divers ensembles, dont le Nouvel Ensemble Moderne, le Quatuor Molinari, le Trio Fibonacci, l\u2019Ensemble Arkea, le Quartetto Prometeo,&nbsp;<\/span><span style=\"font-family: Assistant; font-size: 13.399999618530273px; font-style: normal; font-variant-caps: normal; letter-spacing: 0.3px;\">musica assoluta,<\/span><span style=\"font-family: Assistant; font-size: 13.399999618530273px; font-style: normal; font-variant-caps: normal; letter-spacing: 0.3px;\">&nbsp;l\u2019ensemble Sturm und Klang, le Jasper String Quartet, le Rolston String Quartet, l\u2019ensemble Talea et les Israel Contemporary Players,&nbsp;<\/span><span style=\"font-family: Assistant; font-size: 13.399999618530273px; font-style: normal; font-variant-caps: normal; letter-spacing: 0.3px;\">entre autres. Elle collabore aussi r\u00e9guli\u00e8rement avec des chor\u00e9graphes et des cin\u00e9astes.<\/span><\/p>\n<p><span style=\"font-family: Assistant; font-size: 13.399999618530273px; font-style: normal; font-variant-caps: normal; letter-spacing: 0.3px;\">Elle est laur\u00e9ate de nombreux prix et distinctions, dont le Prix Juno pour Composition classique de l'ann\u00e9e (pour <em>Arras,<\/em> 2022),&nbsp;<\/span><span style=\"font-family: Assistant; font-size: 13.399999618530273px; font-style: normal; font-variant-caps: normal; letter-spacing: 0.3px;\">le Prix Opus de la Compositrice de l\u2019ann\u00e9e (2022), la toute premi\u00e8re commande Azrieli pour musique canadienne en 2020 (le plus important du genre au Canada et l'un des plus importants au monde), le Prix Jan V. Matejcek pour nouvelle musique classique (2019), une bourse de distinction du Rotary Club de Sienne pour ses cours de ma\u00eetre avec Salvatore Sciarrino \u00e0 l\u2019Accademia Chigiana (2018), le Concours de composition de l\u2019OUM (2016 et 2018) et les prix du jury et du public de la 5e \u00e9dition du Concours Acc\u00e8s Arkea (pour <em>Ombra,<\/em> 2017).&nbsp;<\/span><\/p>\n<p><span style=\"font-size: 13.399999618530273px; letter-spacing: 0.3px;\">Entre 2016 et 2018, elle a \u00e9t\u00e9 compositrice en r\u00e9sidence au Nouvel Ensemble Moderne (Montr\u00e9al). De 2020 \u00e0 2022, elle participe \u00e0 la R\u00e9sidence Carrefour aupr\u00e8s de l\u2019Orchestre du CNA (Ottawa). Elle est compositrice agr\u00e9\u00e9e au Centre de musique canadienne, ancienne pr\u00e9sidente du conseil d\u2019administration de Codes d\u2019acc\u00e8s et ancienne organisatrice du Laboratoire de musique contemporaine de Montr\u00e9al.<\/span><\/p>\n<p><span style=\"font-size: 13.399999618530273px; letter-spacing: 0.3px;\">Originaire de la Colombie-Britannique, elle a d\u00e9but\u00e9 sa carri\u00e8re musicale avec des \u00e9tudes d\u2019interpr\u00e9tation en piano, ainsi que dans la composition, la tourn\u00e9e et l'enregistrement de plusieurs albums dans des groupes de rock ind\u00e9pendant. Elle d\u00e9tient un baccalaur\u00e9at en musique (\u00c9criture), une ma\u00eetrise en composition instrumentale et un doctorat en composition et cr\u00e9ation sonore de l\u2019Universit\u00e9 de Montr\u00e9al. Elle a \u00e9galement \u00e9tudi\u00e9 avec le maestro Salvatore Sciarrino \u00e0 l\u2019Accademia Musicale Chigiana \u00e0 Sienne, en Italie (2017 \u00e0 2019).&nbsp;<\/span><\/p>\n<p><\/p>\n<p><\/p>\n<p><\/p>\t\t\t\t\t\t\t\t<\/div>\n\t\t\t\t<\/div>\n\t\t\t\t<div class=\"elementor-element elementor-element-e6d7e1c elementor-align-center elementor-widget elementor-widget-button\" data-id=\"e6d7e1c\" data-element_type=\"widget\" data-e-type=\"widget\" data-widget_type=\"button.default\">\n\t\t\t\t<div class=\"elementor-widget-container\">\n\t\t\t\t\t\t\t\t\t<div class=\"elementor-button-wrapper\">\n\t\t\t\t\t<a class=\"elementor-button elementor-button-link elementor-size-xs\" href=\"https:\/\/keikodevaux.com\/wp-content\/uploads\/2022\/07\/Keiko-Devaux-bio-FR-2022-07-26.pdf\" target=\"_blank\">\n\t\t\t\t\t\t<span class=\"elementor-button-content-wrapper\">\n\t\t\t\t\t\t\t\t\t<span class=\"elementor-button-text\">T\u00e9l\u00e9charger<\/span>\n\t\t\t\t\t<\/span>\n\t\t\t\t\t<\/a>\n\t\t\t\t<\/div>\n\t\t\t\t\t\t\t\t<\/div>\n\t\t\t\t<\/div>\n\t\t\t\t\t<\/div>\n\t\t<\/div>\n\t\t\t\t<div class=\"elementor-column elementor-col-50 elementor-inner-column elementor-element elementor-element-a7b471d\" data-id=\"a7b471d\" data-element_type=\"column\" data-e-type=\"column\">\n\t\t\t<div class=\"elementor-widget-wrap elementor-element-populated\">\n\t\t\t\t\t\t<div class=\"elementor-element elementor-element-05db00a elementor-widget elementor-widget-image\" data-id=\"05db00a\" data-element_type=\"widget\" data-e-type=\"widget\" data-widget_type=\"image.default\">\n\t\t\t\t<div class=\"elementor-widget-container\">\n\t\t\t\t\t\t\t\t\t\t\t\t<figure class=\"wp-caption\">\n\t\t\t\t\t\t\t\t\t\t<img data-opt-id=1495252368  data-recalc-dims=\"1\" fetchpriority=\"high\" decoding=\"async\" width=\"708\" height=\"1019\" src=\"https:\/\/ml9blhmhpvwh.i.optimole.com\/w:auto\/h:auto\/q:mauto\/f:best\/ig:avif\/https:\/\/i0.wp.com\/ml9blhmhpvwh.i.optimole.com\/w%3A708\/h%3A1019\/q%3Amauto\/f%3Abest\/ig%3Aavif\/https%3A\/\/keikodevaux.com\/wp-content\/uploads\/2023\/08\/Robin_P_Gould_keiko_headshot_crop.jpeg?resize=708%2C1019&#038;ssl=1\" class=\"attachment-large size-large wp-image-1409\" alt=\"\" srcset=\"https:\/\/ml9blhmhpvwh.i.optimole.com\/w:708\/h:1019\/q:mauto\/f:best\/ig:avif\/https:\/\/keikodevaux.com\/wp-content\/uploads\/2023\/08\/Robin_P_Gould_keiko_headshot_crop.jpeg 708w, https:\/\/ml9blhmhpvwh.i.optimole.com\/w:208\/h:1080\/q:mauto\/f:best\/ig:avif\/https:\/\/keikodevaux.com\/wp-content\/uploads\/2023\/08\/Robin_P_Gould_keiko_headshot_crop.jpeg 208w, https:\/\/ml9blhmhpvwh.i.optimole.com\/w:8\/h:1080\/q:mauto\/f:best\/ig:avif\/https:\/\/keikodevaux.com\/wp-content\/uploads\/2023\/08\/Robin_P_Gould_keiko_headshot_crop.jpeg 8w\" sizes=\"(max-width: 708px) 100vw, 708px\" \/>\t\t\t\t\t\t\t\t\t\t\t<figcaption class=\"widget-image-caption wp-caption-text\">photo: Robin P Gould<\/figcaption>\n\t\t\t\t\t\t\t\t\t\t<\/figure>\n\t\t\t\t\t\t\t\t\t<\/div>\n\t\t\t\t<\/div>\n\t\t\t\t\t<\/div>\n\t\t<\/div>\n\t\t\t\t\t<\/div>\n\t\t<\/section>\n\t\t\t\t\t<\/div>\n\t\t<\/div>\n\t\t\t\t\t<\/div>\n\t\t<\/section>\n\t\t\t\t<\/div>","protected":false},"excerpt":{"rendered":"<p>Keiko Devaux (b. 1982) is a contemporary music composer based in Montr\u00e9al. Her approach embraces a love of electroacoustic sounds and methodology by manipulating and distorting acoustic sound with digital tools, and then transcribing or re-translating these back into musical notation and the acoustic realm. Her interests include emotional experience and affect, auto-organizational phenomena in [&hellip;]<\/p>\n","protected":false},"author":2,"featured_media":0,"parent":0,"menu_order":0,"comment_status":"closed","ping_status":"closed","template":"","meta":{"nf_dc_page":"","_monsterinsights_skip_tracking":false,"_monsterinsights_sitenote_active":false,"_monsterinsights_sitenote_note":"","_monsterinsights_sitenote_category":0,"ocean_post_layout":"","ocean_both_sidebars_style":"","ocean_both_sidebars_content_width":0,"ocean_both_sidebars_sidebars_width":0,"ocean_sidebar":"0","ocean_second_sidebar":"0","ocean_disable_margins":"enable","ocean_add_body_class":"","ocean_shortcode_before_top_bar":"","ocean_shortcode_after_top_bar":"","ocean_shortcode_before_header":"","ocean_shortcode_after_header":"","ocean_has_shortcode":"","ocean_shortcode_after_title":"","ocean_shortcode_before_footer_widgets":"","ocean_shortcode_after_footer_widgets":"","ocean_shortcode_before_footer_bottom":"","ocean_shortcode_after_footer_bottom":"","ocean_display_top_bar":"default","ocean_display_header":"default","ocean_header_style":"","ocean_center_header_left_menu":"0","ocean_custom_header_template":"0","ocean_custom_logo":0,"ocean_custom_retina_logo":0,"ocean_custom_logo_max_width":0,"ocean_custom_logo_tablet_max_width":0,"ocean_custom_logo_mobile_max_width":0,"ocean_custom_logo_max_height":0,"ocean_custom_logo_tablet_max_height":0,"ocean_custom_logo_mobile_max_height":0,"ocean_header_custom_menu":"0","ocean_menu_typo_font_family":"0","ocean_menu_typo_font_subset":"","ocean_menu_typo_font_size":0,"ocean_menu_typo_font_size_tablet":0,"ocean_menu_typo_font_size_mobile":0,"ocean_menu_typo_font_size_unit":"px","ocean_menu_typo_font_weight":"","ocean_menu_typo_font_weight_tablet":"","ocean_menu_typo_font_weight_mobile":"","ocean_menu_typo_transform":"","ocean_menu_typo_transform_tablet":"","ocean_menu_typo_transform_mobile":"","ocean_menu_typo_line_height":0,"ocean_menu_typo_line_height_tablet":0,"ocean_menu_typo_line_height_mobile":0,"ocean_menu_typo_line_height_unit":"","ocean_menu_typo_spacing":0,"ocean_menu_typo_spacing_tablet":0,"ocean_menu_typo_spacing_mobile":0,"ocean_menu_typo_spacing_unit":"","ocean_menu_link_color":"","ocean_menu_link_color_hover":"","ocean_menu_link_color_active":"","ocean_menu_link_background":"","ocean_menu_link_hover_background":"","ocean_menu_link_active_background":"","ocean_menu_social_links_bg":"","ocean_menu_social_hover_links_bg":"","ocean_menu_social_links_color":"","ocean_menu_social_hover_links_color":"","ocean_disable_title":"default","ocean_disable_heading":"default","ocean_post_title":"","ocean_post_subheading":"","ocean_post_title_style":"","ocean_post_title_background_color":"","ocean_post_title_background":0,"ocean_post_title_bg_image_position":"","ocean_post_title_bg_image_attachment":"","ocean_post_title_bg_image_repeat":"","ocean_post_title_bg_image_size":"","ocean_post_title_height":0,"ocean_post_title_bg_overlay":0.5,"ocean_post_title_bg_overlay_color":"","ocean_disable_breadcrumbs":"default","ocean_breadcrumbs_color":"","ocean_breadcrumbs_separator_color":"","ocean_breadcrumbs_links_color":"","ocean_breadcrumbs_links_hover_color":"","ocean_display_footer_widgets":"default","ocean_display_footer_bottom":"default","ocean_custom_footer_template":"0","footnotes":""},"class_list":["post-14","page","type-page","status-publish","hentry","entry"],"yoast_head":"<!-- This site is optimized with the Yoast SEO plugin v27.5 - https:\/\/yoast.com\/product\/yoast-seo-wordpress\/ -->\n<title>Bio - Keiko Devaux<\/title>\n<meta name=\"robots\" content=\"index, follow, max-snippet:-1, max-image-preview:large, max-video-preview:-1\" \/>\n<link rel=\"canonical\" href=\"https:\/\/keikodevaux.com\/fr\/about\/\" \/>\n<meta property=\"og:locale\" content=\"fr_CA\" \/>\n<meta property=\"og:type\" content=\"article\" \/>\n<meta property=\"og:title\" content=\"Bio - Keiko Devaux\" \/>\n<meta property=\"og:description\" content=\"Keiko Devaux (b. 1982) is a contemporary music composer based in Montr\u00e9al. Her approach embraces a love of electroacoustic sounds and methodology by manipulating and distorting acoustic sound with digital tools, and then transcribing or re-translating these back into musical notation and the acoustic realm. Her interests include emotional experience and affect, auto-organizational phenomena in [&hellip;]\" \/>\n<meta property=\"og:url\" content=\"https:\/\/keikodevaux.com\/fr\/about\/\" \/>\n<meta property=\"og:site_name\" content=\"Keiko Devaux\" \/>\n<meta property=\"article:modified_time\" content=\"2024-05-17T23:23:30+00:00\" \/>\n<meta property=\"og:image\" content=\"https:\/\/ml9blhmhpvwh.i.optimole.com\/w:auto\/h:auto\/q:mauto\/f:best\/ig:avif\/https:\/\/keikodevaux.com\/wp-content\/uploads\/2023\/08\/Robin_P_Gould_keiko_headshot_crop.jpeg\" \/>\n<meta name=\"twitter:card\" content=\"summary_large_image\" \/>\n<meta name=\"twitter:label1\" content=\"Estimation du temps de lecture\" \/>\n\t<meta name=\"twitter:data1\" content=\"2 minutes\" \/>\n<script type=\"application\/ld+json\" class=\"yoast-schema-graph\">{\"@context\":\"https:\\\/\\\/schema.org\",\"@graph\":[{\"@type\":\"WebPage\",\"@id\":\"https:\\\/\\\/keikodevaux.com\\\/about\\\/\",\"url\":\"https:\\\/\\\/keikodevaux.com\\\/about\\\/\",\"name\":\"Bio - Keiko Devaux\",\"isPartOf\":{\"@id\":\"https:\\\/\\\/keikodevaux.com\\\/#website\"},\"primaryImageOfPage\":{\"@id\":\"https:\\\/\\\/keikodevaux.com\\\/about\\\/#primaryimage\"},\"image\":{\"@id\":\"https:\\\/\\\/keikodevaux.com\\\/about\\\/#primaryimage\"},\"thumbnailUrl\":\"https:\\/\\/keikodevaux.com\\/wp-content\\/uploads\\/2023\\/08\\/Robin_P_Gould_keiko_headshot_crop.jpeg\",\"datePublished\":\"2019-03-05T22:36:36+00:00\",\"dateModified\":\"2024-05-17T23:23:30+00:00\",\"breadcrumb\":{\"@id\":\"https:\\\/\\\/keikodevaux.com\\\/about\\\/#breadcrumb\"},\"inLanguage\":\"fr-CA\",\"potentialAction\":[{\"@type\":\"ReadAction\",\"target\":[\"https:\\\/\\\/keikodevaux.com\\\/about\\\/\"]}]},{\"@type\":\"ImageObject\",\"inLanguage\":\"fr-CA\",\"@id\":\"https:\\\/\\\/keikodevaux.com\\\/about\\\/#primaryimage\",\"url\":\"https:\\/\\/keikodevaux.com\\/wp-content\\/uploads\\/2023\\/08\\/Robin_P_Gould_keiko_headshot_crop.jpeg\",\"contentUrl\":\"https:\\/\\/keikodevaux.com\\/wp-content\\/uploads\\/2023\\/08\\/Robin_P_Gould_keiko_headshot_crop.jpeg\"},{\"@type\":\"BreadcrumbList\",\"@id\":\"https:\\\/\\\/keikodevaux.com\\\/about\\\/#breadcrumb\",\"itemListElement\":[{\"@type\":\"ListItem\",\"position\":1,\"name\":\"Home\",\"item\":\"https:\\\/\\\/keikodevaux.com\\\/\"},{\"@type\":\"ListItem\",\"position\":2,\"name\":\"Bio\"}]},{\"@type\":\"WebSite\",\"@id\":\"https:\\\/\\\/keikodevaux.com\\\/#website\",\"url\":\"https:\\\/\\\/keikodevaux.com\\\/\",\"name\":\"Keiko Devaux\",\"description\":\"Contemporary music composer based in Montr\u00e9al.\",\"publisher\":{\"@id\":\"https:\\\/\\\/keikodevaux.com\\\/#\\\/schema\\\/person\\\/5c8eb94e9df752a68e3000ee3d4213f4\"},\"potentialAction\":[{\"@type\":\"SearchAction\",\"target\":{\"@type\":\"EntryPoint\",\"urlTemplate\":\"https:\\\/\\\/keikodevaux.com\\\/?s={search_term_string}\"},\"query-input\":{\"@type\":\"PropertyValueSpecification\",\"valueRequired\":true,\"valueName\":\"search_term_string\"}}],\"inLanguage\":\"fr-CA\"},{\"@type\":[\"Person\",\"Organization\"],\"@id\":\"https:\\\/\\\/keikodevaux.com\\\/#\\\/schema\\\/person\\\/5c8eb94e9df752a68e3000ee3d4213f4\",\"name\":\"keiko.devaux\",\"image\":{\"@type\":\"ImageObject\",\"inLanguage\":\"fr-CA\",\"@id\":\"https:\\\/\\\/secure.gravatar.com\\\/avatar\\\/eed31af24b8024d0cefb69c2b5ce8a39ee94464221bd03f6f0dfb4ec2a972610?s=96&d=mm&r=g\",\"url\":\"https:\\\/\\\/secure.gravatar.com\\\/avatar\\\/eed31af24b8024d0cefb69c2b5ce8a39ee94464221bd03f6f0dfb4ec2a972610?s=96&d=mm&r=g\",\"contentUrl\":\"https:\\\/\\\/secure.gravatar.com\\\/avatar\\\/eed31af24b8024d0cefb69c2b5ce8a39ee94464221bd03f6f0dfb4ec2a972610?s=96&d=mm&r=g\",\"caption\":\"keiko.devaux\"},\"logo\":{\"@id\":\"https:\\\/\\\/secure.gravatar.com\\\/avatar\\\/eed31af24b8024d0cefb69c2b5ce8a39ee94464221bd03f6f0dfb4ec2a972610?s=96&d=mm&r=g\"}}]}<\/script>\n<!-- \/ Yoast SEO plugin. -->","yoast_head_json":{"title":"Bio - Keiko Devaux","robots":{"index":"index","follow":"follow","max-snippet":"max-snippet:-1","max-image-preview":"max-image-preview:large","max-video-preview":"max-video-preview:-1"},"canonical":"https:\/\/keikodevaux.com\/fr\/about\/","og_locale":"fr_CA","og_type":"article","og_title":"Bio - Keiko Devaux","og_description":"Keiko Devaux (b. 1982) is a contemporary music composer based in Montr\u00e9al. Her approach embraces a love of electroacoustic sounds and methodology by manipulating and distorting acoustic sound with digital tools, and then transcribing or re-translating these back into musical notation and the acoustic realm. Her interests include emotional experience and affect, auto-organizational phenomena in [&hellip;]","og_url":"https:\/\/keikodevaux.com\/fr\/about\/","og_site_name":"Keiko Devaux","article_modified_time":"2024-05-17T23:23:30+00:00","og_image":[{"url":"https:\/\/ml9blhmhpvwh.i.optimole.com\/w:auto\/h:auto\/q:mauto\/f:best\/ig:avif\/https:\/\/keikodevaux.com\/wp-content\/uploads\/2023\/08\/Robin_P_Gould_keiko_headshot_crop.jpeg","type":"","width":"","height":""}],"twitter_card":"summary_large_image","twitter_misc":{"Estimation du temps de lecture":"2 minutes"},"schema":{"@context":"https:\/\/schema.org","@graph":[{"@type":"WebPage","@id":"https:\/\/keikodevaux.com\/about\/","url":"https:\/\/keikodevaux.com\/about\/","name":"Bio - Keiko Devaux","isPartOf":{"@id":"https:\/\/keikodevaux.com\/#website"},"primaryImageOfPage":{"@id":"https:\/\/keikodevaux.com\/about\/#primaryimage"},"image":{"@id":"https:\/\/keikodevaux.com\/about\/#primaryimage"},"thumbnailUrl":"https:\/\/ml9blhmhpvwh.i.optimole.com\/w:auto\/h:auto\/q:mauto\/f:best\/ig:avif\/https:\/\/keikodevaux.com\/wp-content\/uploads\/2023\/08\/Robin_P_Gould_keiko_headshot_crop.jpeg","datePublished":"2019-03-05T22:36:36+00:00","dateModified":"2024-05-17T23:23:30+00:00","breadcrumb":{"@id":"https:\/\/keikodevaux.com\/about\/#breadcrumb"},"inLanguage":"fr-CA","potentialAction":[{"@type":"ReadAction","target":["https:\/\/keikodevaux.com\/about\/"]}]},{"@type":"ImageObject","inLanguage":"fr-CA","@id":"https:\/\/keikodevaux.com\/about\/#primaryimage","url":"https:\/\/ml9blhmhpvwh.i.optimole.com\/w:auto\/h:auto\/q:mauto\/f:best\/ig:avif\/https:\/\/keikodevaux.com\/wp-content\/uploads\/2023\/08\/Robin_P_Gould_keiko_headshot_crop.jpeg","contentUrl":"https:\/\/ml9blhmhpvwh.i.optimole.com\/w:auto\/h:auto\/q:mauto\/f:best\/ig:avif\/https:\/\/keikodevaux.com\/wp-content\/uploads\/2023\/08\/Robin_P_Gould_keiko_headshot_crop.jpeg"},{"@type":"BreadcrumbList","@id":"https:\/\/keikodevaux.com\/about\/#breadcrumb","itemListElement":[{"@type":"ListItem","position":1,"name":"Home","item":"https:\/\/keikodevaux.com\/"},{"@type":"ListItem","position":2,"name":"Bio"}]},{"@type":"WebSite","@id":"https:\/\/keikodevaux.com\/#website","url":"https:\/\/keikodevaux.com\/","name":"Keiko Devaux","description":"Contemporary music composer based in Montr\u00e9al.","publisher":{"@id":"https:\/\/keikodevaux.com\/#\/schema\/person\/5c8eb94e9df752a68e3000ee3d4213f4"},"potentialAction":[{"@type":"SearchAction","target":{"@type":"EntryPoint","urlTemplate":"https:\/\/keikodevaux.com\/?s={search_term_string}"},"query-input":{"@type":"PropertyValueSpecification","valueRequired":true,"valueName":"search_term_string"}}],"inLanguage":"fr-CA"},{"@type":["Person","Organization"],"@id":"https:\/\/keikodevaux.com\/#\/schema\/person\/5c8eb94e9df752a68e3000ee3d4213f4","name":"keiko.devaux","image":{"@type":"ImageObject","inLanguage":"fr-CA","@id":"https:\/\/secure.gravatar.com\/avatar\/eed31af24b8024d0cefb69c2b5ce8a39ee94464221bd03f6f0dfb4ec2a972610?s=96&d=mm&r=g","url":"https:\/\/secure.gravatar.com\/avatar\/eed31af24b8024d0cefb69c2b5ce8a39ee94464221bd03f6f0dfb4ec2a972610?s=96&d=mm&r=g","contentUrl":"https:\/\/secure.gravatar.com\/avatar\/eed31af24b8024d0cefb69c2b5ce8a39ee94464221bd03f6f0dfb4ec2a972610?s=96&d=mm&r=g","caption":"keiko.devaux"},"logo":{"@id":"https:\/\/secure.gravatar.com\/avatar\/eed31af24b8024d0cefb69c2b5ce8a39ee94464221bd03f6f0dfb4ec2a972610?s=96&d=mm&r=g"}}]}},"jetpack_sharing_enabled":true,"_links":{"self":[{"href":"https:\/\/keikodevaux.com\/fr\/wp-json\/wp\/v2\/pages\/14","targetHints":{"allow":["GET"]}}],"collection":[{"href":"https:\/\/keikodevaux.com\/fr\/wp-json\/wp\/v2\/pages"}],"about":[{"href":"https:\/\/keikodevaux.com\/fr\/wp-json\/wp\/v2\/types\/page"}],"author":[{"embeddable":true,"href":"https:\/\/keikodevaux.com\/fr\/wp-json\/wp\/v2\/users\/2"}],"replies":[{"embeddable":true,"href":"https:\/\/keikodevaux.com\/fr\/wp-json\/wp\/v2\/comments?post=14"}],"version-history":[{"count":5,"href":"https:\/\/keikodevaux.com\/fr\/wp-json\/wp\/v2\/pages\/14\/revisions"}],"predecessor-version":[{"id":1616,"href":"https:\/\/keikodevaux.com\/fr\/wp-json\/wp\/v2\/pages\/14\/revisions\/1616"}],"wp:attachment":[{"href":"https:\/\/keikodevaux.com\/fr\/wp-json\/wp\/v2\/media?parent=14"}],"curies":[{"name":"wp","href":"https:\/\/api.w.org\/{rel}","templated":true}]}}